{"id":1719,"date":"2023-03-07T15:26:12","date_gmt":"2023-03-07T14:26:12","guid":{"rendered":"https:\/\/greenway-logistics.com\/innovation\/"},"modified":"2025-03-12T12:58:49","modified_gmt":"2025-03-12T11:58:49","slug":"innovative-logistikloesninger","status":"publish","type":"page","link":"https:\/\/greenway-logistics.com\/da\/loesninger\/innovative-logistikloesninger\/","title":{"rendered":"Innovative logistikl\u00f8sninger"},"content":{"rendered":"<p>Greenway Logistics leverer innovative l\u00f8sninger til sine kunder, hvor \u2019omkostningsbesparelse\u2019 og \u2019gr\u00f8n\u2019 er n\u00f8gleordene. Nye services udvikles fra branchens \u00f8nskeliste. Projekter som &#8216;<a href=\"https:\/\/www.youtube.com\/watch?v=sHHt8jpBd8U\" target=\"_blank\" rel=\"noopener\">Bundling at the Source<\/a>&#8216;, &#8216;<a href=\"https:\/\/greenway-logistics.com\/da\/loesninger\/sample-konsolidering\/\" target=\"_blank\" rel=\"noopener\">Sample Consolidation<\/a>&#8216;, &#8216;<a href=\"https:\/\/greenway-logistics.com\/da\/loesninger\/consol-box\/\">Consol Box<\/a>&#8216; og &#8216;<a href=\"https:\/\/co2improve.com\/concepts\/\" target=\"_blank\" rel=\"noopener\">Delivery Time Harmonization<\/a>&#8216; er eksempler p\u00e5 succesfulde innovationer fra Greenway Logistics. Begreber som total aflastning og kombinerede transporttjenester mellem visse lande passer ogs\u00e5 ind p\u00e5 denne liste. Disse innovationer f\u00f8rer til omkostningsbesparelser og gr\u00f8nnere logistik og er derfor endnu mere interessante.<\/p>\n<ul>\n<li><a href=\"https:\/\/greenway-logistics.com\/da\/loesninger\/fragt-transportoer-aftaler\/\">Fragt \/ Transport\u00f8r aftaler<\/a><\/li>\n<li><a href=\"https:\/\/greenway-logistics.com\/da\/loesninger\/groennere-logistik\/\">Gr\u00f8nnere logistik <\/a><\/li>\n<li><a href=\"https:\/\/greenway-logistics.com\/da\/loesninger\/eksport-til-nye-markeder\/\">Ind p\u00e5 nye ekport markeder<\/a><\/li>\n<li><a href=\"https:\/\/greenway-logistics.com\/da\/loesninger\/lager\/\">Lager<\/a><\/li>\n<li><a href=\"https:\/\/greenway-logistics.com\/da\/loesninger\/sample-konsolidering\/\">Sample Consolidation<\/a><\/li>\n<li><a href=\"https:\/\/greenway-logistics.com\/da\/loesninger\/consol-box\/\">Consol Box<\/a><\/li>\n<\/ul>\n<p>&nbsp;<\/p>\n","protected":false},"excerpt":{"rendered":"<p>Greenway Logistics leverer innovative l\u00f8sninger til sine kunder, hvor \u2019omkostningsbesparelse\u2019 og \u2019gr\u00f8n\u2019 er n\u00f8gleordene. Nye services udvikles fra branchens \u00f8nskeliste. Projekter som &#8216;Bundling at the Source&#8216;, &#8216;Sample Consolidation&#8216;, &#8216;Consol Box&#8216; og &#8216;Delivery Time Harmonization&#8216; er eksempler p\u00e5 succesfulde innovationer fra Greenway Logistics. Begreber som total aflastning og kombinerede transporttjenester mellem visse lande passer ogs\u00e5 ind [&hellip;]<\/p>\n","protected":false},"author":5,"featured_media":0,"parent":2297,"menu_order":0,"comment_status":"closed","ping_status":"closed","template":"","meta":{"_acf_changed":false,"footnotes":""},"class_list":["post-1719","page","type-page","status-publish","hentry"],"acf":[],"yoast_head":"<!-- This site is optimized with the Yoast SEO plugin v27.4 - https:\/\/yoast.com\/product\/yoast-seo-wordpress\/ -->\n<title>Greenway Logistics - Innovative logistikl\u00f8sninger<\/title>\n<meta name=\"description\" content=\"Greenway Logistics leverer innovative l\u00f8sninger til sine kunder, hvor \u2019omkostningsbesparelse\u2019 og \u2019gr\u00f8n\u2019 er n\u00f8gleordene.\" \/>\n<meta name=\"robots\" content=\"index, follow, max-snippet:-1, max-image-preview:large, max-video-preview:-1\" \/>\n<link rel=\"canonical\" href=\"https:\/\/greenway-logistics.com\/da\/loesninger\/innovative-logistikloesninger\/\" \/>\n<meta property=\"og:locale\" content=\"da_DK\" \/>\n<meta property=\"og:type\" content=\"article\" \/>\n<meta property=\"og:title\" content=\"Greenway Logistics - Innovative logistikl\u00f8sninger\" \/>\n<meta property=\"og:description\" content=\"Greenway Logistics leverer innovative l\u00f8sninger til sine kunder, hvor \u2019omkostningsbesparelse\u2019 og \u2019gr\u00f8n\u2019 er n\u00f8gleordene.\" \/>\n<meta property=\"og:url\" content=\"https:\/\/greenway-logistics.com\/da\/loesninger\/innovative-logistikloesninger\/\" \/>\n<meta property=\"og:site_name\" content=\"Greenway Logistics\" \/>\n<meta property=\"article:modified_time\" content=\"2025-03-12T11:58:49+00:00\" \/>\n<meta name=\"twitter:card\" content=\"summary_large_image\" \/>\n<meta name=\"twitter:label1\" content=\"Estimeret l\u00e6setid\" \/>\n\t<meta name=\"twitter:data1\" content=\"1 minut\" \/>\n<!-- \/ Yoast SEO plugin. -->","yoast_head_json":{"title":"Greenway Logistics - Innovative logistikl\u00f8sninger","description":"Greenway Logistics leverer innovative l\u00f8sninger til sine kunder, hvor \u2019omkostningsbesparelse\u2019 og \u2019gr\u00f8n\u2019 er n\u00f8gleordene.","robots":{"index":"index","follow":"follow","max-snippet":"max-snippet:-1","max-image-preview":"max-image-preview:large","max-video-preview":"max-video-preview:-1"},"canonical":"https:\/\/greenway-logistics.com\/da\/loesninger\/innovative-logistikloesninger\/","og_locale":"da_DK","og_type":"article","og_title":"Greenway Logistics - Innovative logistikl\u00f8sninger","og_description":"Greenway Logistics leverer innovative l\u00f8sninger til sine kunder, hvor \u2019omkostningsbesparelse\u2019 og \u2019gr\u00f8n\u2019 er n\u00f8gleordene.","og_url":"https:\/\/greenway-logistics.com\/da\/loesninger\/innovative-logistikloesninger\/","og_site_name":"Greenway Logistics","article_modified_time":"2025-03-12T11:58:49+00:00","twitter_card":"summary_large_image","twitter_misc":{"Estimeret l\u00e6setid":"1 minut"},"schema":{"@context":"https:\/\/schema.org","@graph":[{"@type":"WebPage","@id":"https:\/\/greenway-logistics.com\/da\/loesninger\/innovative-logistikloesninger\/","url":"https:\/\/greenway-logistics.com\/da\/loesninger\/innovative-logistikloesninger\/","name":"Greenway Logistics - Innovative logistikl\u00f8sninger","isPartOf":{"@id":"https:\/\/greenway-logistics.com\/da\/#website"},"datePublished":"2023-03-07T14:26:12+00:00","dateModified":"2025-03-12T11:58:49+00:00","description":"Greenway Logistics leverer innovative l\u00f8sninger til sine kunder, hvor \u2019omkostningsbesparelse\u2019 og \u2019gr\u00f8n\u2019 er n\u00f8gleordene.","breadcrumb":{"@id":"https:\/\/greenway-logistics.com\/da\/loesninger\/innovative-logistikloesninger\/#breadcrumb"},"inLanguage":"da-DK","potentialAction":[{"@type":"ReadAction","target":["https:\/\/greenway-logistics.com\/da\/loesninger\/innovative-logistikloesninger\/"]}]},{"@type":"BreadcrumbList","@id":"https:\/\/greenway-logistics.com\/da\/loesninger\/innovative-logistikloesninger\/#breadcrumb","itemListElement":[{"@type":"ListItem","position":1,"name":"Home","item":"https:\/\/greenway-logistics.com\/da\/"},{"@type":"ListItem","position":2,"name":"L\u00f8sninger","item":"https:\/\/greenway-logistics.com\/da\/loesninger\/"},{"@type":"ListItem","position":3,"name":"Innovative logistikl\u00f8sninger"}]},{"@type":"WebSite","@id":"https:\/\/greenway-logistics.com\/da\/#website","url":"https:\/\/greenway-logistics.com\/da\/","name":"Greenway Logistics","description":"Sustainable Logistics","potentialAction":[{"@type":"SearchAction","target":{"@type":"EntryPoint","urlTemplate":"https:\/\/greenway-logistics.com\/da\/?s={search_term_string}"},"query-input":{"@type":"PropertyValueSpecification","valueRequired":true,"valueName":"search_term_string"}}],"inLanguage":"da-DK"}]}},"_links":{"self":[{"href":"https:\/\/greenway-logistics.com\/da\/wp-json\/wp\/v2\/pages\/1719","targetHints":{"allow":["GET"]}}],"collection":[{"href":"https:\/\/greenway-logistics.com\/da\/wp-json\/wp\/v2\/pages"}],"about":[{"href":"https:\/\/greenway-logistics.com\/da\/wp-json\/wp\/v2\/types\/page"}],"author":[{"embeddable":true,"href":"https:\/\/greenway-logistics.com\/da\/wp-json\/wp\/v2\/users\/5"}],"replies":[{"embeddable":true,"href":"https:\/\/greenway-logistics.com\/da\/wp-json\/wp\/v2\/comments?post=1719"}],"version-history":[{"count":13,"href":"https:\/\/greenway-logistics.com\/da\/wp-json\/wp\/v2\/pages\/1719\/revisions"}],"predecessor-version":[{"id":3912,"href":"https:\/\/greenway-logistics.com\/da\/wp-json\/wp\/v2\/pages\/1719\/revisions\/3912"}],"up":[{"embeddable":true,"href":"https:\/\/greenway-logistics.com\/da\/wp-json\/wp\/v2\/pages\/2297"}],"wp:attachment":[{"href":"https:\/\/greenway-logistics.com\/da\/wp-json\/wp\/v2\/media?parent=1719"}],"curies":[{"name":"wp","href":"https:\/\/api.w.org\/{rel}","templated":true}]}}